{"id":99,"date":"2016-02-11T16:27:43","date_gmt":"2016-02-11T15:27:43","guid":{"rendered":"http:\/\/toursdemains.com\/?page_id=99"},"modified":"2024-01-10T19:35:15","modified_gmt":"2024-01-10T18:35:15","slug":"contact","status":"publish","type":"page","link":"https:\/\/toursdemains.com\/index.php\/contact\/","title":{"rendered":"Contact"},"content":{"rendered":"<p><strong><span style=\"vertical-align: inherit;\"><span style=\"vertical-align: inherit;\"><span style=\"vertical-align: inherit;\"><span style=\"vertical-align: inherit;\"><span style=\"vertical-align: inherit;\"><span style=\"vertical-align: inherit;\">Tours de Mains<\/span><\/span><\/span><\/span><\/span><\/span><\/strong><br \/>\n<span style=\"vertical-align: inherit;\"><span style=\"vertical-align: inherit;\"><span style=\"vertical-align: inherit;\"><span style=\"vertical-align: inherit;\"><span style=\"vertical-align: inherit;\"><span style=\"vertical-align: inherit;\"> Pouleur Agn\u00e8s <\/span><\/span><\/span><\/span><\/span><\/span><br \/>\n<span style=\"vertical-align: inherit;\"><span style=\"vertical-align: inherit;\"><span style=\"vertical-align: inherit;\"><span style=\"vertical-align: inherit;\"><span style=\"vertical-align: inherit;\"><span style=\"vertical-align: inherit;\">7, Place de l&#8217;Eglise <\/span><\/span><\/span><\/span><\/span><\/span><br \/>\n<span style=\"vertical-align: inherit;\"><span style=\"vertical-align: inherit;\"><span style=\"vertical-align: inherit;\"><span style=\"vertical-align: inherit;\"><span style=\"vertical-align: inherit;\"><span style=\"vertical-align: inherit;\">59440 FLOURSIES<\/span><\/span><\/span><\/span><\/span><\/span><\/p>\n<p><strong>HORAIRES<br \/>\nOuverture sur rendez-vous, merci de me contacter par t\u00e9l\u00e9phone\/mail.<br \/>\n<\/strong><\/p>\n<p><span style=\"vertical-align: inherit;\"><span style=\"vertical-align: inherit;\"><span style=\"vertical-align: inherit;\"><span style=\"vertical-align: inherit;\"><span style=\"vertical-align: inherit;\"><span style=\"vertical-align: inherit;\">Tel: 0783273793 <\/span><\/span><\/span><\/span><\/span><\/span><br \/>\n<span style=\"vertical-align: inherit;\"><span style=\"vertical-align: inherit;\"><span style=\"vertical-align: inherit;\"><span style=\"vertical-align: inherit;\"><span style=\"vertical-align: inherit;\"><span style=\"vertical-align: inherit;\">Email: toursdemains@gmail.com<\/span><\/span><\/span><\/span><\/span><\/span><\/p>\n<p><iframe loading=\"lazy\" style=\"border: 0;\" src=\"https:\/\/www.google.com\/maps\/embed?pb=!1m18!1m12!1m3!1d327018.78781489824!2d3.692933115323458!3d50.18293475149587!2m3!1f0!2f0!3f0!3m2!1i1024!2i768!4f13.1!3m3!1m2!1s0x47c26edec94ca4f5%3A0xb38ed7e74b86af89!2s7+Place+de+l'%C3%89glise%2C+59440+Floursies!5e0!3m2!1sfr!2sfr!4v1455205261741\" width=\"600\" height=\"450\" frameborder=\"0\" allowfullscreen=\"allowfullscreen\"><\/iframe><\/p>\n","protected":false},"excerpt":{"rendered":"<p>Tours de Mains Pouleur Agn\u00e8s 7, Place de l&#8217;Eglise 59440 FLOURSIES HORAIRES Ouverture sur rendez-vous, merci de me contacter par t\u00e9l\u00e9phone\/mail. Tel: 0783273793 Email: toursdemains@gmail.com<\/p>\n","protected":false},"author":1,"featured_media":0,"parent":0,"menu_order":0,"comment_status":"closed","ping_status":"closed","template":"","meta":[],"_links":{"self":[{"href":"https:\/\/toursdemains.com\/index.php\/wp-json\/wp\/v2\/pages\/99"}],"collection":[{"href":"https:\/\/toursdemains.com\/index.php\/wp-json\/wp\/v2\/pages"}],"about":[{"href":"https:\/\/toursdemains.com\/index.php\/wp-json\/wp\/v2\/types\/page"}],"author":[{"embeddable":true,"href":"https:\/\/toursdemains.com\/index.php\/wp-json\/wp\/v2\/users\/1"}],"replies":[{"embeddable":true,"href":"https:\/\/toursdemains.com\/index.php\/wp-json\/wp\/v2\/comments?post=99"}],"version-history":[{"count":17,"href":"https:\/\/toursdemains.com\/index.php\/wp-json\/wp\/v2\/pages\/99\/revisions"}],"predecessor-version":[{"id":352,"href":"https:\/\/toursdemains.com\/index.php\/wp-json\/wp\/v2\/pages\/99\/revisions\/352"}],"wp:attachment":[{"href":"https:\/\/toursdemains.com\/index.php\/wp-json\/wp\/v2\/media?parent=99"}],"curies":[{"name":"wp","href":"https:\/\/api.w.org\/{rel}","templated":true}]}}